{"id":1442,"date":"2026-01-20T12:08:23","date_gmt":"2026-01-20T12:08:23","guid":{"rendered":"https:\/\/bonuskongcasino.com\/app-2\/"},"modified":"2026-02-26T07:55:33","modified_gmt":"2026-02-26T07:55:33","slug":"app","status":"publish","type":"page","link":"https:\/\/theroyalzino.org\/de\/app\/","title":{"rendered":"App"},"content":{"rendered":"<h1><span style=\"font-weight: 400\">Royalzino Mobile-Plattform<\/span><\/h1>\n<p><span style=\"font-weight: 400\">Royalzino hat keine dedizierte App im App Store oder bei Google Play \u2014 stattdessen funktioniert es als Progressive Web App. \u00d6ffnen Sie einfach das Casino auf Ihrem Handy und speichern Sie die Verkn\u00fcpfung. Android oder iOS, beide funktionieren. Danach f\u00fchlt es sich ziemlich wie eine normale App an, und die Desktop-Version wird vollst\u00e4ndig auf das Handy \u00fcbertragen. Nichts wird ausgelassen, wenn Sie zum Handy wechseln.<\/span><\/p>\n<p><div class=\"banner-wrap\" aria-label=\"Banner\"><img src=\"https:\/\/theroyalzino.org\/wp-content\/uploads\/2026\/02\/royalzino-bnr-static-pc.webp\" class=\"w-100 d-none d-lg-block img-pc main-banner-img\" alt=\"royalzino banner desktop\" fetchpriority=\"high\" decoding=\"async\"><img src=\"https:\/\/theroyalzino.org\/wp-content\/uploads\/2026\/02\/royalzino-banner-mobile.webp\" class=\"w-100 d-none d-md-block d-lg-none main-banner-img\" alt=\"royalzino banner mobile\" fetchpriority=\"high\" decoding=\"async\"><img src=\"https:\/\/theroyalzino.org\/wp-content\/uploads\/2026\/02\/royalzino-banner-mobile.webp\" class=\"w-100 d-md-none\" alt=\"royalzino banner mobile\" fetchpriority=\"high\" decoding=\"async\"><div class=\"banner-description\">\n<div class=\"banner-title\">Willkommensboni<\/div>\n<p class=\"banner-header-title\">1500 \u20ac<\/p>\n<div class=\"banner-header-AdditionalText\">+ 250 Freispiele<\/div>\n<button data-item=\"homepage_banner_link\" class=\"goto m-button m-gradient-border m-button--primary m-button--large banner-button btn-orange\">\n            <div class=\"m-button-content\">\n                <span>Jetzt anmelden<\/span>\n                <span><\/span>\n            <\/div>\n        <\/button>\n<\/div>\n<div class=\"WelcomePack\">\n<p><img loading=\"lazy\" decoding=\"async\" class=\"alignnone size-full wp-image-1846\" src=\"https:\/\/theroyalzino.org\/wp-content\/uploads\/2026\/02\/welcome-crown.png\" alt=\"welcome crown\" width=\"25\" height=\"26\" \/><\/p>\n<div class=\"WelcomePack-Info\">W\u00f6chentlicher Cashback von bis zu 25 %<\/div>\n<p><img loading=\"lazy\" decoding=\"async\" class=\"alignnone size-full wp-image-1846\" src=\"https:\/\/theroyalzino.org\/wp-content\/uploads\/2026\/02\/welcome-crown.png\" alt=\"welcome crown\" width=\"25\" height=\"26\" \/><\/p>\n<\/div>\n<\/div><div class=\"scrollable-content-wrap my-5\"><div class=\"scrollable-content-inner\"><h2>Gaming unterwegs mit Royal Zino<\/h2>\n<p>Mobiles Gaming ist zur prim\u00e4ren Art geworden, wie Spieler mit Online-Casinos interagieren. Royalzino Casino hat seine Plattform mit dieser Realit\u00e4t im Hinterkopf aufgebaut. Die mobile Casino-Version spiegelt jede auf dem Desktop verf\u00fcgbare Funktion wider. Wir garantieren ein konsistentes Spielerlebnis, unabh\u00e4ngig davon, welches Ger\u00e4t Sie in die Hand nehmen. Kontost\u00e4nde, Bonusfortschritte, Spielverlauf und Einstellungen synchronisieren sich automatisch \u00fcber alle Plattformen.<\/p>\n<p>Die Royalzino-App funktioniert als Progressive Web App (PWA), was bedeutet, dass die Installation direkt von unserer Website erfolgt und nicht \u00fcber App Stores. Dieser Ansatz bietet mehrere Vorteile \u2014 kein Warten auf App-Store-Genehmigungsupdates, minimale Speicheranforderungen auf Ihrem Ger\u00e4t und sofortiger Zugang zu den neuesten Funktionen, sobald sie erscheinen. Android- und iOS-Nutzer profitieren von reibungsloser Leistung und Echtzeit-Synchronisierung.<\/p>\n<h2>Ger\u00e4tekompatibilit\u00e4t<\/h2>\n<p>Royalzino unterst\u00fctzt eine breite Palette von Ger\u00e4ten, um der tats\u00e4chlichen Nutzung von Handys und Tablets durch die Spieler gerecht zu werden. Die App l\u00e4uft reibungslos auf Android-Ger\u00e4ten ab Version 8.0, w\u00e4hrend iOS-Nutzer Version 12.0 oder h\u00f6her ben\u00f6tigen. Tablets werden gleich behandelt \u2014 die Benutzeroberfl\u00e4che skaliert entsprechend, ob Sie ein iPad, Samsung Galaxy Tab oder ein anderes beliebtes Modell verwenden.<\/p>\n<table>\n<tbody>\n<tr>\n<td>Plattform<\/td>\n<td>Mindestversion<\/td>\n<td>Empfohlen<\/td>\n<td>Erforderlicher Speicher<\/td>\n<\/tr>\n<tr>\n<td>Android<\/td>\n<td>8.0 (Oreo)<\/td>\n<td>10.0+<\/td>\n<td>Unter 50MB<\/td>\n<\/tr>\n<tr>\n<td>iOS<\/td>\n<td>12.0<\/td>\n<td>14.0+<\/td>\n<td>Unter 50MB<\/td>\n<\/tr>\n<tr>\n<td>Tablets<\/td>\n<td>Wie oben<\/td>\n<td>Wie oben<\/td>\n<td>Unter 50MB<\/td>\n<\/tr>\n<\/tbody>\n<\/table>\n<p>Die Bildschirmgr\u00f6\u00dfenanpassung funktioniert automatisch. Hoch- und Querformat werden ohne manuelle Anpassung korrekt angezeigt. Touch-Steuerungen reagieren pr\u00e4zise auf Tippen, Wischen und Gesten \u2014 Slot-Walzen drehen sich mit einem Tippen, Tischspiele akzeptieren Eins\u00e4tze \u00fcber intuitive Touch-Oberfl\u00e4chen, und Live-Casino-Streams laufen ohne Unterbrechung.<\/p>\n<p><img loading=\"lazy\" decoding=\"async\" class=\"alignnone size-full wp-image-1926\" src=\"https:\/\/theroyalzino.org\/wp-content\/uploads\/2026\/02\/Royalzino-Android.webp\" alt=\"Royalzino Android\" width=\"1248\" height=\"536\" srcset=\"https:\/\/theroyalzino.org\/wp-content\/uploads\/2026\/02\/Royalzino-Android.webp 1248w, https:\/\/theroyalzino.org\/wp-content\/uploads\/2026\/02\/Royalzino-Android-300x129.webp 300w, https:\/\/theroyalzino.org\/wp-content\/uploads\/2026\/02\/Royalzino-Android-1024x440.webp 1024w, https:\/\/theroyalzino.org\/wp-content\/uploads\/2026\/02\/Royalzino-Android-768x330.webp 768w\" sizes=\"auto, (max-width: 1248px) 100vw, 1248px\" \/><\/p>\n<\/div><\/div><div style=\"clear: both\"><\/div><div class=\"d-flex justify-content-center\"><button data-item=\"decouvrez_link\" data-group=\"website_links\" class=\"goto fw-bold rounded-pill btn btn-orange\" aria-label=\"Laden Sie die Royalzino-App herunter\" >Laden Sie die Royalzino-App herunter<\/button><\/div><div class=\"scrollable-content-wrap my-5\"><div class=\"scrollable-content-inner\"><h2>Vergleich Desktop und Mobile App<\/h2>\n<p>Beide Plattformen bieten identische Funktionalit\u00e4t, wobei jede besondere St\u00e4rken hat. Desktop-Sitzungen eignen sich f\u00fcr l\u00e4ngeres Spielen mit gr\u00f6\u00dferen Bildschirmen, die mehr Spieldetails zeigen und einfacheres Multitasking erm\u00f6glichen. Die Royalzino-App gl\u00e4nzt durch Bequemlichkeit \u2014 schnelle Sitzungen w\u00e4hrend des Pendelns, in Mittagspausen oder \u00fcberall weg vom Computer.<\/p>\n<p>Die Spielverf\u00fcgbarkeit ist auf beiden Plattformen identisch. Unsere Bibliothek mit \u00fcber 6.000 Online-Slots, Tischspielen, Live-Dealer-Optionen und Crash-Spielen l\u00e4dt auf dem Handy ohne Einschr\u00e4nkungen. Anbieter wie Pragmatic Play, BGaming, Spinomenal und Playson optimieren ihre Titel f\u00fcr Touch-Oberfl\u00e4chen und bewahren die visuelle Qualit\u00e4t und Bonusfunktionen auf allen Ger\u00e4ten.<\/p>\n<table>\n<tbody>\n<tr>\n<td>Funktion<\/td>\n<td>Desktop<\/td>\n<td>Mobile App<\/td>\n<\/tr>\n<tr>\n<td>Spielebibliothek<\/td>\n<td>6.000+ Titel<\/td>\n<td>6.000+ Titel<\/td>\n<\/tr>\n<tr>\n<td>Live Casino<\/td>\n<td>Full HD Streaming<\/td>\n<td>HD Streaming<\/td>\n<\/tr>\n<tr>\n<td>Einzahlungen<\/td>\n<td>Alle Methoden<\/td>\n<td>Alle Methoden<\/td>\n<\/tr>\n<tr>\n<td>Auszahlungen<\/td>\n<td>Voller Zugang<\/td>\n<td>Voller Zugang<\/td>\n<\/tr>\n<tr>\n<td>Boni<\/td>\n<td>Vollst\u00e4ndiger Zugang<\/td>\n<td>Vollst\u00e4ndiger Zugang<\/td>\n<\/tr>\n<tr>\n<td>Support<\/td>\n<td>Live-Chat, E-Mail<\/td>\n<td>Live-Chat, E-Mail<\/td>\n<\/tr>\n<\/tbody>\n<\/table>\n<p>Die Kontoverwaltungsfunktionen bleiben konsistent. Geld einzahlen, Auszahlungen anfordern, Boni beanspruchen, Einstellungen anpassen und Support kontaktieren \u2014 alles verf\u00fcgbar \u00fcber die Royal Zino Mobile-Oberfl\u00e4che. Der Verifizierungsprozess funktioniert auf dem Handy identisch und erm\u00f6glicht Dokumenten-Uploads direkt von der Kamera oder Galerie Ihres Handys.<\/p>\n<p><img loading=\"lazy\" decoding=\"async\" class=\"alignnone size-full wp-image-1942\" src=\"https:\/\/theroyalzino.org\/wp-content\/uploads\/2026\/02\/Royalzino-iOS.webp\" alt=\"Royalzino iOS\" width=\"1248\" height=\"536\" srcset=\"https:\/\/theroyalzino.org\/wp-content\/uploads\/2026\/02\/Royalzino-iOS.webp 1248w, https:\/\/theroyalzino.org\/wp-content\/uploads\/2026\/02\/Royalzino-iOS-300x129.webp 300w, https:\/\/theroyalzino.org\/wp-content\/uploads\/2026\/02\/Royalzino-iOS-1024x440.webp 1024w, https:\/\/theroyalzino.org\/wp-content\/uploads\/2026\/02\/Royalzino-iOS-768x330.webp 768w\" sizes=\"auto, (max-width: 1248px) 100vw, 1248px\" \/><\/p>\n<\/div><\/div><div style=\"clear: both\"><\/div><div class=\"d-flex justify-content-center\"><button data-item=\"decouvrez_link\" data-group=\"website_links\" class=\"goto fw-bold rounded-pill btn btn-orange\" aria-label=\"Royalzino herunterladen\" >Royalzino herunterladen<\/button><\/div><div class=\"scrollable-content-wrap my-5\"><div class=\"scrollable-content-inner\"><h2>Cross-Browser-Leistung<\/h2>\n<p>Spieler, die den browserbasierten Zugang der App-Installation vorziehen, finden volle Kompatibilit\u00e4t mit allen gro\u00dfen Browsern. Chrome, Safari, Firefox und Edge rendern die Royalzino-Plattform korrekt auf Desktop- und Mobilger\u00e4ten. Keine Plugins oder Erweiterungen m\u00fcssen installiert werden \u2014 die Website l\u00e4dt und funktioniert sofort.<\/p>\n<p>Die Browser-Leistung bleibt w\u00e4hrend l\u00e4ngerer Sitzungen stabil. Die Speicherverwaltung h\u00e4lt die Plattform auch nach stundenlangem Spielen reaktionsf\u00e4hig. Auto-Save-Funktionen sch\u00fctzen Ihre Sitzung bei kurzzeitigem Verbindungsabbruch und stellen Ihre genaue Position wieder her, wenn die Verbindung zur\u00fcckkehrt.<\/p>\n<p>F\u00fcr das optimale Mobile-Casino-Erlebnis \u00fcber Browser empfehlen wir, Ihren Browser auf die neueste Version zu aktualisieren. Dies gew\u00e4hrleistet den Zugang zu aktuellen Sicherheitsprotokollen und Leistungsoptimierungen, die das Gameplay reibungslos halten.<\/p>\n<p><img loading=\"lazy\" decoding=\"async\" class=\"alignnone size-full wp-image-1934\" src=\"https:\/\/theroyalzino.org\/wp-content\/uploads\/2026\/02\/Royalzino-Desktop.webp\" alt=\"Royalzino Desktop\" width=\"1248\" height=\"536\" srcset=\"https:\/\/theroyalzino.org\/wp-content\/uploads\/2026\/02\/Royalzino-Desktop.webp 1248w, https:\/\/theroyalzino.org\/wp-content\/uploads\/2026\/02\/Royalzino-Desktop-300x129.webp 300w, https:\/\/theroyalzino.org\/wp-content\/uploads\/2026\/02\/Royalzino-Desktop-1024x440.webp 1024w, https:\/\/theroyalzino.org\/wp-content\/uploads\/2026\/02\/Royalzino-Desktop-768x330.webp 768w\" sizes=\"auto, (max-width: 1248px) 100vw, 1248px\" \/><\/p>\n<\/div><\/div><div style=\"clear: both\"><\/div><div class=\"d-flex justify-content-center\"><button data-item=\"decouvrez_link\" data-group=\"website_links\" class=\"goto fw-bold rounded-pill btn btn-orange\" aria-label=\"Laden Sie die Royalzino-App herunter\" >Laden Sie die Royalzino-App herunter<\/button><\/div><div class=\"scrollable-content-wrap my-5\"><div class=\"scrollable-content-inner\"><h2>Installation und Einrichtung<\/h2>\n<p>Das Einrichten der Royalzino-App auf Ihrem Ger\u00e4t dauert weniger als eine Minute:<\/p>\n<ol>\n<li>\u00d6ffnen Sie die Royal Zino-Website in Ihrem mobilen Browser.<\/li>\n<li>Tippen Sie auf die Installationsaufforderung oder greifen Sie auf das Men\u00fc zu, um sie zum Startbildschirm hinzuzuf\u00fcgen.<\/li>\n<li>Best\u00e4tigen Sie die Installation, wenn Sie dazu aufgefordert werden.<\/li>\n<li>Starten Sie die App von Ihrem Startbildschirm aus.<\/li>\n<\/ol>\n<p>Die PWA installiert sich ohne Passw\u00f6rter, Apple-ID-Verifizierung oder Google-Play-Kontozugang. Updates erfolgen automatisch im Hintergrund \u2014 keine manuellen Downloads oder Neustarts erforderlich. Der Speicherbedarf bleibt minimal unter 50MB und l\u00e4sst viel Platz f\u00fcr andere Apps und Medien auf Ihrem Ger\u00e4t.<\/p>\n<p>Nach der Installation melden Sie sich mit Ihren bestehenden Royalzino Casino-Anmeldedaten an. Neue Spieler k\u00f6nnen sich direkt \u00fcber die App registrieren und den vollst\u00e4ndigen Anmeldeprozess auf dem Handy abschlie\u00dfen. Profileinstellungen, verantwortungsvolles Spielen-Kontrollen und Sicherheitsoptionen wie Zwei-Faktor-Authentifizierung werden identisch zum Desktop konfiguriert.<\/p>\n<h2>Mobile-spezifische Funktionen<\/h2>\n<p>Bestimmte Funktionen funktionieren auf Mobilger\u00e4ten besonders gut. Push-Benachrichtigungen informieren Sie \u00fcber neue Aktionen, Turnierstart und Bonusverf\u00fcgbarkeit \u2014 aktivieren Sie diese in Ihren Ger\u00e4teeinstellungen, um informiert zu bleiben. Das Support-Team bleibt \u00fcber den f\u00fcr mobile Tastaturen optimierten Live-Chat erreichbar, wodurch es einfach ist, Probleme zu beschreiben und Hilfe unterwegs zu erhalten.<\/p>\n<p>Touch ID- und Face ID-Integration auf unterst\u00fctzten Ger\u00e4ten beschleunigt die Anmeldung bei gleichzeitiger Wahrung der Sicherheit. Biometrische Authentifizierung eliminiert die Passworteingabe ohne den Kontoschutz zu gef\u00e4hrden.<\/p>\n<p>Die Royalzino-App handhabt auch Konnektivit\u00e4tsschwankungen elegant. Der Wechsel zwischen WLAN und mobilen Daten erfolgt nahtlos mitten in der Sitzung. Situationen mit geringerer Bandbreite l\u00f6sen automatische Qualit\u00e4tsanpassungen f\u00fcr Live-Casino-Streams aus, die fl\u00fcssiges Gameplay \u00fcber maximale Aufl\u00f6sung priorisieren.<\/p>\n<h2>Banking auf dem Handy<\/h2>\n<p>Finanztransaktionen werden auf Handy und Desktop identisch verarbeitet. Alle Einzahlungsmethoden \u2014 Karten, E-Wallets, Kryptow\u00e4hrungen und Bank\u00fcberweisungen \u2014 funktionieren \u00fcber die App-Oberfl\u00e4che. Guthaben kommt bei den meisten Zahlungsoptionen sofort an.<\/p>\n<p>Auszahlungen werden genauso einfach initiiert. Schlie\u00dfen Sie den Verifizierungsprozess einmal ab, indem Sie Ausweisdokumente \u00fcber Ihr Handy hochladen, und fordern Sie dann Auszahlungen an, wann immer Ihr Guthaben es erlaubt. Die Bearbeitungszeiten entsprechen genau denen des Desktops \u2014 Krypto-Auszahlungen werden innerhalb einer Stunde abgewickelt, E-Wallets innerhalb von 12 Stunden und Kartenzahlungen innerhalb von 24 Stunden.<\/p>\n<p>Der Transaktionsverlauf zeigt vollst\u00e4ndige Aufzeichnungen von Einzahlungen, Auszahlungen und Bonusaktivit\u00e4ten. Filtern Sie nach Datum, Typ oder Status, um bestimmte Eintr\u00e4ge schnell zu finden.<\/p>\n<h2>Sicherheitsstandards<\/h2>\n<p>Die Royal Zino Mobile-Plattform beh\u00e4lt die gleiche Sicherheitsinfrastruktur wie der Desktop bei. TLS 1.3-Verschl\u00fcsselung sch\u00fctzt alle Daten\u00fcbertragungen zwischen Ihrem Ger\u00e4t und unseren Servern. Zwei-Faktor-Authentifizierung f\u00fcgt eine zus\u00e4tzliche Verifizierungsebene f\u00fcr Kontozugang und sensible Operationen hinzu.<\/p>\n<p>Die Sitzungsverwaltung erm\u00f6glicht es Ihnen, aktive Anmeldungen anzuzeigen und sich aus der Ferne von Ger\u00e4ten abzumelden, die Sie nicht mehr verwenden. Automatische Sitzungs-Timeouts sch\u00fctzen Ihr Konto, wenn Sie vergessen, sich manuell abzumelden.<\/p>\n<h2>FAQ<\/h2>\n<h3>Wie lade ich die Royalzino-App herunter?<\/h3>\n<p>Besuchen Sie die Royalzino-Website in Ihrem mobilen Browser und tippen Sie auf die erscheinende Installationsaufforderung. Alternativ greifen Sie auf Ihr Browser-Men\u00fc zu und w\u00e4hlen Sie die Option, die Website zum Startbildschirm hinzuzuf\u00fcgen. Die PWA installiert sich direkt ohne App-Store-Zugang, in Sekunden abgeschlossen mit minimalem Speicherverbrauch.<\/p>\n<h3>Kann ich dasselbe Konto auf Handy und Desktop verwenden?<\/h3>\n<p>Ja. Ihr Royalzino-Konto funktioniert auf allen Ger\u00e4ten und Plattformen. Guthaben, Boni, Spielfortschritt und Einstellungen synchronisieren sich automatisch. Melden Sie sich mit Ihrer E-Mail und Ihrem Passwort auf jedem Ger\u00e4t an, um auf Ihr vollst\u00e4ndiges Konto zuzugreifen.<\/p>\n<h3>Sind alle Spiele in der mobilen App verf\u00fcgbar?<\/h3>\n<p>Die komplette Bibliothek mit \u00fcber 6.000 Spielen l\u00e4dt auf Mobilger\u00e4ten. Online-Slots, Tischspiele, Live-Casino und Crash-Spiele funktionieren alle \u00fcber die App mit touch-optimierten Steuerungen. Spieleanbieter gestalten ihre Titel so, dass sie auf mobilen Bildschirmen gleich gut funktionieren.<\/p>\n<h3>Wie kontaktiere ich den Support \u00fcber die App?<\/h3>\n<p>Das Support-Team ist rund um die Uhr \u00fcber den Live-Chat erreichbar, der \u00fcber das App-Men\u00fc zug\u00e4nglich ist. Tippen Sie auf das Support-Symbol, um ein Gespr\u00e4ch mit einem Teammitglied zu er\u00f6ffnen. E-Mail-Support funktioniert ebenfalls mobil f\u00fcr detaillierte Anfragen, die Anh\u00e4nge oder Screenshots erfordern.<\/p>\n<h3>Ist die mobile App sicher?<\/h3>\n<p>Royalzino Casino verwendet TLS 1.3-Verschl\u00fcsselung, Zwei-Faktor-Authentifizierung und zertifizierte RNG-Systeme auf dem Handy, identisch mit den Desktop-Sicherheitsstandards. Der Verifizierungsprozess, die sichere Zahlungsabwicklung und die Kontoschutzfunktionen funktionieren alle gleichwertig auf allen Plattformen.<\/p>\n<\/div><\/div><\/p>\n","protected":false},"excerpt":{"rendered":"<p>Royalzino Mobile-Plattform Royalzino hat keine dedizierte App im App Store oder bei Google Play \u2014 stattdessen funktioniert es als Progressive Web App. \u00d6ffnen Sie einfach das Casino auf Ihrem Handy und speichern Sie die Verkn\u00fcpfung. Android oder iOS, beide funktionieren. Danach f\u00fchlt es sich ziemlich wie eine normale App an, und die Desktop-Version wird vollst\u00e4ndig [&hellip;]<\/p>\n","protected":false},"author":1,"featured_media":0,"parent":0,"menu_order":0,"comment_status":"closed","ping_status":"closed","template":"template-builder.php","meta":{"_acf_changed":false,"inline_featured_image":false,"footnotes":""},"class_list":["post-1442","page","type-page","status-publish","hentry"],"acf":[],"yoast_head":"<!-- This site is optimized with the Yoast SEO plugin v24.4 - https:\/\/yoast.com\/wordpress\/plugins\/seo\/ -->\n<title>Royalzino Casino App | iOS und Android Plattformen<\/title>\n<meta name=\"description\" content=\"Royalzino App \u2013 lade die Casino-App f\u00fcr iOS und Android Plattformen herunter, um Slots, Tischspiele und Live-Casino \u00fcberall zu spielen. Genie\u00dfe reibungslose Leistung und vollen Kontozugriff mit Royal Zino.\" \/>\n<meta name=\"robots\" content=\"index, follow, max-snippet:-1, max-image-preview:large, max-video-preview:-1\" \/>\n<link rel=\"canonical\" href=\"https:\/\/theroyalzino.org\/de\/app\/\" \/>\n<meta property=\"og:locale\" content=\"de_DE\" \/>\n<meta property=\"og:type\" content=\"article\" \/>\n<meta property=\"og:title\" content=\"Royalzino Casino App | iOS und Android Plattformen\" \/>\n<meta property=\"og:description\" content=\"Royalzino App \u2013 lade die Casino-App f\u00fcr iOS und Android Plattformen herunter, um Slots, Tischspiele und Live-Casino \u00fcberall zu spielen. Genie\u00dfe reibungslose Leistung und vollen Kontozugriff mit Royal Zino.\" \/>\n<meta property=\"og:url\" content=\"https:\/\/theroyalzino.org\/de\/app\/\" \/>\n<meta property=\"og:site_name\" content=\"royalzino\" \/>\n<meta property=\"article:modified_time\" content=\"2026-02-26T07:55:33+00:00\" \/>\n<meta name=\"twitter:card\" content=\"summary_large_image\" \/>\n<meta name=\"twitter:label1\" content=\"Gesch\u00e4tzte Lesezeit\" \/>\n\t<meta name=\"twitter:data1\" content=\"1\u00a0Minute\" \/>\n<script type=\"application\/ld+json\" class=\"yoast-schema-graph\">{\"@context\":\"https:\/\/schema.org\",\"@graph\":[{\"@type\":\"WebPage\",\"@id\":\"https:\/\/theroyalzino.org\/de\/app\/\",\"url\":\"https:\/\/theroyalzino.org\/de\/app\/\",\"name\":\"Royalzino Casino App | iOS und Android Plattformen\",\"isPartOf\":{\"@id\":\"https:\/\/theroyalzino.org\/de\/#website\"},\"datePublished\":\"2026-01-20T12:08:23+00:00\",\"dateModified\":\"2026-02-26T07:55:33+00:00\",\"description\":\"Royalzino App \u2013 lade die Casino-App f\u00fcr iOS und Android Plattformen herunter, um Slots, Tischspiele und Live-Casino \u00fcberall zu spielen. Genie\u00dfe reibungslose Leistung und vollen Kontozugriff mit Royal Zino.\",\"breadcrumb\":{\"@id\":\"https:\/\/theroyalzino.org\/de\/app\/#breadcrumb\"},\"inLanguage\":\"de\",\"potentialAction\":[{\"@type\":\"ReadAction\",\"target\":[\"https:\/\/theroyalzino.org\/de\/app\/\"]}]},{\"@type\":\"BreadcrumbList\",\"@id\":\"https:\/\/theroyalzino.org\/de\/app\/#breadcrumb\",\"itemListElement\":[{\"@type\":\"ListItem\",\"position\":1,\"name\":\"Royalzino\",\"item\":\"https:\/\/theroyalzino.org\/de\/\"},{\"@type\":\"ListItem\",\"position\":2,\"name\":\"App\"}]},{\"@type\":\"WebSite\",\"@id\":\"https:\/\/theroyalzino.org\/de\/#website\",\"url\":\"https:\/\/theroyalzino.org\/de\/\",\"name\":\"Royalzino\",\"description\":\"\",\"publisher\":{\"@id\":\"https:\/\/theroyalzino.org\/de\/#organization\"},\"potentialAction\":[{\"@type\":\"SearchAction\",\"target\":{\"@type\":\"EntryPoint\",\"urlTemplate\":\"https:\/\/theroyalzino.org\/de\/?s={search_term_string}\"},\"query-input\":{\"@type\":\"PropertyValueSpecification\",\"valueRequired\":true,\"valueName\":\"search_term_string\"}}],\"inLanguage\":\"de\"},{\"@type\":\"Organization\",\"@id\":\"https:\/\/theroyalzino.org\/de\/#organization\",\"name\":\"Royalzino\",\"url\":\"https:\/\/theroyalzino.org\/de\/\",\"logo\":{\"@type\":\"ImageObject\",\"inLanguage\":\"de\",\"@id\":\"https:\/\/theroyalzino.org\/de\/#\/schema\/logo\/image\/\",\"url\":\"https:\/\/theroyalzino.org\/wp-content\/uploads\/2026\/02\/logo-1.png\",\"contentUrl\":\"https:\/\/theroyalzino.org\/wp-content\/uploads\/2026\/02\/logo-1.png\",\"width\":160,\"height\":32,\"caption\":\"Royalzino\"},\"image\":{\"@id\":\"https:\/\/theroyalzino.org\/de\/#\/schema\/logo\/image\/\"}}]}<\/script>\n<!-- \/ Yoast SEO plugin. -->","yoast_head_json":{"title":"Royalzino Casino App | iOS und Android Plattformen","description":"Royalzino App \u2013 lade die Casino-App f\u00fcr iOS und Android Plattformen herunter, um Slots, Tischspiele und Live-Casino \u00fcberall zu spielen. Genie\u00dfe reibungslose Leistung und vollen Kontozugriff mit Royal Zino.","robots":{"index":"index","follow":"follow","max-snippet":"max-snippet:-1","max-image-preview":"max-image-preview:large","max-video-preview":"max-video-preview:-1"},"canonical":"https:\/\/theroyalzino.org\/de\/app\/","og_locale":"de_DE","og_type":"article","og_title":"Royalzino Casino App | iOS und Android Plattformen","og_description":"Royalzino App \u2013 lade die Casino-App f\u00fcr iOS und Android Plattformen herunter, um Slots, Tischspiele und Live-Casino \u00fcberall zu spielen. Genie\u00dfe reibungslose Leistung und vollen Kontozugriff mit Royal Zino.","og_url":"https:\/\/theroyalzino.org\/de\/app\/","og_site_name":"royalzino","article_modified_time":"2026-02-26T07:55:33+00:00","twitter_card":"summary_large_image","twitter_misc":{"Gesch\u00e4tzte Lesezeit":"1\u00a0Minute"},"schema":{"@context":"https:\/\/schema.org","@graph":[{"@type":"WebPage","@id":"https:\/\/theroyalzino.org\/de\/app\/","url":"https:\/\/theroyalzino.org\/de\/app\/","name":"Royalzino Casino App | iOS und Android Plattformen","isPartOf":{"@id":"https:\/\/theroyalzino.org\/de\/#website"},"datePublished":"2026-01-20T12:08:23+00:00","dateModified":"2026-02-26T07:55:33+00:00","description":"Royalzino App \u2013 lade die Casino-App f\u00fcr iOS und Android Plattformen herunter, um Slots, Tischspiele und Live-Casino \u00fcberall zu spielen. Genie\u00dfe reibungslose Leistung und vollen Kontozugriff mit Royal Zino.","breadcrumb":{"@id":"https:\/\/theroyalzino.org\/de\/app\/#breadcrumb"},"inLanguage":"de","potentialAction":[{"@type":"ReadAction","target":["https:\/\/theroyalzino.org\/de\/app\/"]}]},{"@type":"BreadcrumbList","@id":"https:\/\/theroyalzino.org\/de\/app\/#breadcrumb","itemListElement":[{"@type":"ListItem","position":1,"name":"Royalzino","item":"https:\/\/theroyalzino.org\/de\/"},{"@type":"ListItem","position":2,"name":"App"}]},{"@type":"WebSite","@id":"https:\/\/theroyalzino.org\/de\/#website","url":"https:\/\/theroyalzino.org\/de\/","name":"Royalzino","description":"","publisher":{"@id":"https:\/\/theroyalzino.org\/de\/#organization"},"potentialAction":[{"@type":"SearchAction","target":{"@type":"EntryPoint","urlTemplate":"https:\/\/theroyalzino.org\/de\/?s={search_term_string}"},"query-input":{"@type":"PropertyValueSpecification","valueRequired":true,"valueName":"search_term_string"}}],"inLanguage":"de"},{"@type":"Organization","@id":"https:\/\/theroyalzino.org\/de\/#organization","name":"Royalzino","url":"https:\/\/theroyalzino.org\/de\/","logo":{"@type":"ImageObject","inLanguage":"de","@id":"https:\/\/theroyalzino.org\/de\/#\/schema\/logo\/image\/","url":"https:\/\/theroyalzino.org\/wp-content\/uploads\/2026\/02\/logo-1.png","contentUrl":"https:\/\/theroyalzino.org\/wp-content\/uploads\/2026\/02\/logo-1.png","width":160,"height":32,"caption":"Royalzino"},"image":{"@id":"https:\/\/theroyalzino.org\/de\/#\/schema\/logo\/image\/"}}]}},"_links":{"self":[{"href":"https:\/\/theroyalzino.org\/de\/wp-json\/wp\/v2\/pages\/1442","targetHints":{"allow":["GET"]}}],"collection":[{"href":"https:\/\/theroyalzino.org\/de\/wp-json\/wp\/v2\/pages"}],"about":[{"href":"https:\/\/theroyalzino.org\/de\/wp-json\/wp\/v2\/types\/page"}],"author":[{"embeddable":true,"href":"https:\/\/theroyalzino.org\/de\/wp-json\/wp\/v2\/users\/1"}],"replies":[{"embeddable":true,"href":"https:\/\/theroyalzino.org\/de\/wp-json\/wp\/v2\/comments?post=1442"}],"version-history":[{"count":3,"href":"https:\/\/theroyalzino.org\/de\/wp-json\/wp\/v2\/pages\/1442\/revisions"}],"predecessor-version":[{"id":2079,"href":"https:\/\/theroyalzino.org\/de\/wp-json\/wp\/v2\/pages\/1442\/revisions\/2079"}],"wp:attachment":[{"href":"https:\/\/theroyalzino.org\/de\/wp-json\/wp\/v2\/media?parent=1442"}],"curies":[{"name":"wp","href":"https:\/\/api.w.org\/{rel}","templated":true}]}}